{"id":705,"date":"2026-01-08T18:26:14","date_gmt":"2026-01-08T18:26:14","guid":{"rendered":"https:\/\/bekk.edu.hu\/new\/?page_id=705"},"modified":"2026-01-09T08:52:16","modified_gmt":"2026-01-09T08:52:16","slug":"eu-foldrajza-2026","status":"publish","type":"page","link":"https:\/\/bekk.edu.hu\/new\/index.php\/eu-foldrajza-2026\/","title":{"rendered":"Eur\u00f3pa f\u00f6ldrajza verseny 2026"},"content":{"rendered":"\n<p><a href=\"http:\/\/bekk.edu.hu\/new\/wp-content\/uploads\/2026\/01\/Europa-foldrajza-FELHIVAS_2026.rtf\">Eur\u00f3pa f\u00f6ldrajza FELH\u00cdV\u00c1S 2026<\/a><\/p>\n\n\n\n<p><a href=\"http:\/\/bekk.edu.hu\/new\/wp-content\/uploads\/2026\/01\/Europa-foldrajza-INTERNETES-FELADATLAP_2026.docx\">Eur\u00f3pa f\u00f6ldrajza online feladatlap 2026<\/a><\/p>\n","protected":false},"excerpt":{"rendered":"<p>Eur\u00f3pa f\u00f6ldrajza FELH\u00cdV\u00c1S 2026 Eur\u00f3pa f\u00f6ldrajza online feladatlap 2026<\/p>\n","protected":false},"author":3,"featured_media":0,"parent":0,"menu_order":0,"comment_status":"closed","ping_status":"closed","template":"","meta":[],"_links":{"self":[{"href":"https:\/\/bekk.edu.hu\/new\/index.php\/wp-json\/wp\/v2\/pages\/705"}],"collection":[{"href":"https:\/\/bekk.edu.hu\/new\/index.php\/wp-json\/wp\/v2\/pages"}],"about":[{"href":"https:\/\/bekk.edu.hu\/new\/index.php\/wp-json\/wp\/v2\/types\/page"}],"author":[{"embeddable":true,"href":"https:\/\/bekk.edu.hu\/new\/index.php\/wp-json\/wp\/v2\/users\/3"}],"replies":[{"embeddable":true,"href":"https:\/\/bekk.edu.hu\/new\/index.php\/wp-json\/wp\/v2\/comments?post=705"}],"version-history":[{"count":3,"href":"https:\/\/bekk.edu.hu\/new\/index.php\/wp-json\/wp\/v2\/pages\/705\/revisions"}],"predecessor-version":[{"id":715,"href":"https:\/\/bekk.edu.hu\/new\/index.php\/wp-json\/wp\/v2\/pages\/705\/revisions\/715"}],"wp:attachment":[{"href":"https:\/\/bekk.edu.hu\/new\/index.php\/wp-json\/wp\/v2\/media?parent=705"}],"curies":[{"name":"wp","href":"https:\/\/api.w.org\/{rel}","templated":true}]}}