{"id":514,"date":"2024-06-25T09:42:58","date_gmt":"2024-06-25T09:42:58","guid":{"rendered":"https:\/\/bekk.edu.hu\/new\/?page_id=514"},"modified":"2026-03-17T09:02:56","modified_gmt":"2026-03-17T09:02:56","slug":"intezmenyi-dokumentumok","status":"publish","type":"page","link":"https:\/\/bekk.edu.hu\/new\/index.php\/intezmenyi-dokumentumok\/","title":{"rendered":"Int\u00e9zm\u00e9nyi dokumentumok"},"content":{"rendered":"\n<p><a href=\"http:\/\/bekk.edu.hu\/new\/wp-content\/uploads\/2026\/03\/2026-2027_jelentkezesi_lap.pdf\">2026-2027 tan\u00e9v jelentkez\u00e9si lap (pap\u00edr alap\u00fa)<\/a><\/p>\n\n\n\n<p><a rel=\"noreferrer noopener\" href=\"http:\/\/bekk.edu.hu\/docs\/tajekoztatas_dgys_170925.pdf\" data-type=\"URL\" data-id=\"bekk.edu.hu\/docs\/tajekoztatas_dgys_170925.pdf\" target=\"_blank\">T\u00e1j\u00e9koztat\u00f3 a k\u00f6znevel\u00e9si int\u00e9zm\u00e9nyek r\u00e9sz\u00e9re a magyar gyermekv\u00e9delmi rendszer m\u0171k\u00f6d\u00e9s\u00e9r\u0151l<\/a><\/p>\n\n\n\n<p><a href=\"http:\/\/bekk.edu.hu\/new\/wp-content\/uploads\/2026\/02\/hazirend_2026.pdf\" data-type=\"URL\" data-id=\"http:\/\/bekk.edu.hu\/new\/wp-content\/uploads\/2026\/02\/hazirend_2026.pdf\">BEKK H\u00e1zirend<\/a><\/p>\n\n\n\n<p><a href=\"http:\/\/bekk.edu.hu\/new\/wp-content\/uploads\/2024\/10\/Hazirend-kiegeszites.pdf\">H\u00e1zirend kieg\u00e9sz\u00edt\u00e9s<\/a><\/p>\n\n\n\n<p><a href=\"http:\/\/bekk.edu.hu\/new\/wp-content\/uploads\/2026\/02\/szakmai_alapdokumentum_2026.pdf\" data-type=\"URL\" data-id=\"http:\/\/bekk.edu.hu\/new\/wp-content\/uploads\/2026\/02\/szakmai_alapdokumentum_2026.pdf\">Szakmai alapdokumentum<\/a><\/p>\n\n\n\n<p><a href=\"http:\/\/bekk.edu.hu\/new\/wp-content\/uploads\/2025\/09\/SZMSZ.pdf\">Szervezeti \u00e9s M\u0171k\u00f6d\u00e9si Szab\u00e1lyzat: SZMSZ<\/a><\/p>\n\n\n\n<p><a href=\"http:\/\/bekk.edu.hu\/new\/wp-content\/uploads\/2024\/08\/BEKK-pedagogia-program.pdf\" target=\"_blank\" rel=\"noreferrer noopener\">Pedag\u00f3giai Program<\/a><\/p>\n\n\n\n<p><a rel=\"noreferrer noopener\" href=\"http:\/\/bekk.edu.hu\/new\/wp-content\/uploads\/2024\/08\/Adatvedelmi-tajekoztato.pdf\" target=\"_blank\">Adatv\u00e9delmi t\u00e1j\u00e9koztat\u00f3<\/a><\/p>\n\n\n\n<p><a href=\"http:\/\/bekk.edu.hu\/new\/wp-content\/uploads\/2026\/02\/BEKK_munkaterv_2026.pdf\" data-type=\"URL\" data-id=\"http:\/\/bekk.edu.hu\/new\/wp-content\/uploads\/2026\/02\/BEKK_munkaterv_2026.pdf\">Munkaterv<\/a><\/p>\n","protected":false},"excerpt":{"rendered":"<p>2026-2027 tan\u00e9v jelentkez\u00e9si lap (pap\u00edr alap\u00fa) T\u00e1j\u00e9koztat\u00f3 a k\u00f6znevel\u00e9si int\u00e9zm\u00e9nyek r\u00e9sz\u00e9re a magyar gyermekv\u00e9delmi rendszer m\u0171k\u00f6d\u00e9s\u00e9r\u0151l BEKK H\u00e1zirend H\u00e1zirend kieg\u00e9sz\u00edt\u00e9s Szakmai alapdokumentum Szervezeti \u00e9s M\u0171k\u00f6d\u00e9si Szab\u00e1lyzat: SZMSZ Pedag\u00f3giai Program Adatv\u00e9delmi&#8230; <a href=\"https:\/\/bekk.edu.hu\/new\/index.php\/intezmenyi-dokumentumok\/\">Read more &raquo;<\/a><\/p>\n","protected":false},"author":4,"featured_media":0,"parent":0,"menu_order":0,"comment_status":"closed","ping_status":"closed","template":"","meta":[],"_links":{"self":[{"href":"https:\/\/bekk.edu.hu\/new\/index.php\/wp-json\/wp\/v2\/pages\/514"}],"collection":[{"href":"https:\/\/bekk.edu.hu\/new\/index.php\/wp-json\/wp\/v2\/pages"}],"about":[{"href":"https:\/\/bekk.edu.hu\/new\/index.php\/wp-json\/wp\/v2\/types\/page"}],"author":[{"embeddable":true,"href":"https:\/\/bekk.edu.hu\/new\/index.php\/wp-json\/wp\/v2\/users\/4"}],"replies":[{"embeddable":true,"href":"https:\/\/bekk.edu.hu\/new\/index.php\/wp-json\/wp\/v2\/comments?post=514"}],"version-history":[{"count":13,"href":"https:\/\/bekk.edu.hu\/new\/index.php\/wp-json\/wp\/v2\/pages\/514\/revisions"}],"predecessor-version":[{"id":740,"href":"https:\/\/bekk.edu.hu\/new\/index.php\/wp-json\/wp\/v2\/pages\/514\/revisions\/740"}],"wp:attachment":[{"href":"https:\/\/bekk.edu.hu\/new\/index.php\/wp-json\/wp\/v2\/media?parent=514"}],"curies":[{"name":"wp","href":"https:\/\/api.w.org\/{rel}","templated":true}]}}