{"id":347,"date":"2022-05-05T15:33:23","date_gmt":"2022-05-05T15:33:23","guid":{"rendered":"http:\/\/bekk.edu.hu\/new\/?page_id=347"},"modified":"2022-05-05T15:33:23","modified_gmt":"2022-05-05T15:33:23","slug":"palyazatok","status":"publish","type":"page","link":"https:\/\/bekk.edu.hu\/new\/index.php\/palyazatok\/","title":{"rendered":"P\u00e1ly\u00e1zatok"},"content":{"rendered":"\n<p>Int\u00e9zm\u00e9nyvezet\u0151i p\u00e1ly\u00e1zat<\/p>\n","protected":false},"excerpt":{"rendered":"<p>Int\u00e9zm\u00e9nyvezet\u0151i p\u00e1ly\u00e1zat<\/p>\n","protected":false},"author":3,"featured_media":0,"parent":0,"menu_order":0,"comment_status":"closed","ping_status":"closed","template":"","meta":[],"_links":{"self":[{"href":"https:\/\/bekk.edu.hu\/new\/index.php\/wp-json\/wp\/v2\/pages\/347"}],"collection":[{"href":"https:\/\/bekk.edu.hu\/new\/index.php\/wp-json\/wp\/v2\/pages"}],"about":[{"href":"https:\/\/bekk.edu.hu\/new\/index.php\/wp-json\/wp\/v2\/types\/page"}],"author":[{"embeddable":true,"href":"https:\/\/bekk.edu.hu\/new\/index.php\/wp-json\/wp\/v2\/users\/3"}],"replies":[{"embeddable":true,"href":"https:\/\/bekk.edu.hu\/new\/index.php\/wp-json\/wp\/v2\/comments?post=347"}],"version-history":[{"count":1,"href":"https:\/\/bekk.edu.hu\/new\/index.php\/wp-json\/wp\/v2\/pages\/347\/revisions"}],"predecessor-version":[{"id":348,"href":"https:\/\/bekk.edu.hu\/new\/index.php\/wp-json\/wp\/v2\/pages\/347\/revisions\/348"}],"wp:attachment":[{"href":"https:\/\/bekk.edu.hu\/new\/index.php\/wp-json\/wp\/v2\/media?parent=347"}],"curies":[{"name":"wp","href":"https:\/\/api.w.org\/{rel}","templated":true}]}}