{"id":32,"date":"2016-03-24T11:13:05","date_gmt":"2016-03-24T11:13:05","guid":{"rendered":"http:\/\/wp.local\/?page_id=32"},"modified":"2022-10-19T09:41:12","modified_gmt":"2022-10-19T09:41:12","slug":"mozgasban-a-kollegium","status":"publish","type":"page","link":"https:\/\/bekk.edu.hu\/new\/index.php\/mozgasban-a-kollegium\/","title":{"rendered":"&#8220;Mozg\u00e1sban a koll\u00e9gium&#8221;"},"content":{"rendered":"\n<figure class=\"wp-block-image size-full is-style-rounded\"><img loading=\"lazy\" width=\"600\" height=\"177\" src=\"http:\/\/bekk.edu.hu\/new\/wp-content\/uploads\/2022\/03\/Sports-1.jpg\" alt=\"\" class=\"wp-image-251\" srcset=\"https:\/\/bekk.edu.hu\/new\/wp-content\/uploads\/2022\/03\/Sports-1.jpg 600w, https:\/\/bekk.edu.hu\/new\/wp-content\/uploads\/2022\/03\/Sports-1-300x89.jpg 300w\" sizes=\"(max-width: 600px) 100vw, 600px\" \/><\/figure>\n\n\n<p>A sportprogram sorozat a 2012-2013-as tan\u00e9vt\u0151l k\u00edn\u00e1l kiv\u00e1l\u00f3 lehet\u0151s\u00e9get arra, hogy a budapesti koll\u00e9gist\u00e1k hasznosan, egym\u00e1ssal versenyezve, eg\u00e9szs\u00e9gtudatosan t\u00f6lts\u00e9k a szabadidej\u00fcket. A programot Budapest F\u0151v\u00e1ros Polg\u00e1rmesteri Hivatala finansz\u00edrozza az &#8220;Iskolakapun k\u00edv\u00fcli program&#8221; keretein bel\u00fcl.<\/p>\n<p>A programsorozat \u00e9vr\u0151l-\u00e9vre seg\u00edti a budapesti koll\u00e9giumok di\u00e1kjait abban, hogy v\u00e1ltozatos sportesem\u00e9nyek r\u00e9sztvev\u0151i lehessenek. A k\u00f6z\u00f6s sport nem kiz\u00e1r\u00f3lag az eg\u00e9szs\u00e9g meg\u0151rz\u00e9s\u00e9ben j\u00e1tszik szerepet, a di\u00e1kok koll\u00e9giumok k\u00f6z\u00f6tti ismerked\u00e9se is jelent\u0151s: \u00faj ismerets\u00e9gek, nem ritk\u00e1n szerelmek, hosszabb bar\u00e1ts\u00e1gok is sz\u00f6v\u0151dnek. A c\u00e9l els\u0151sorban az, hogy a di\u00e1kok mozogjanak, \u00e1m ne kiz\u00e1r\u00f3lag az el\u00e9rt eredm\u00e9ny motiv\u00e1lja \u0151ket ebben. Kiemelt c\u00e9lja a programsorozatnak az, hogy az egym\u00e1ssal t\u00f6lt\u00f6tt id\u0151, \u00e9s ne a teljes\u00edtm\u00e9ny kapja a hangs\u00falyt. Ehhez j\u00e1rul hozz\u00e1 az is, hogy minden id\u00e9nyben a legt\u00f6bb rendezv\u00e9nyen r\u00e9szt vett koll\u00e9gium kapja \u00e9s \u0151rzi egy \u00e9vig a v\u00e1ndorkup\u00e1t, s nem a legt\u00f6bb els\u0151 helyet megszerzett int\u00e9zm\u00e9ny.<\/p>\n<p>Mindenkit arra buzd\u00edtunk, hogy &#8211; ak\u00e1r r\u00e9sztvev\u0151k\u00e9n, vagy szurkol\u00f3k\u00e9nt &#8211; vegyen r\u00e9szt koll\u00e9gium\u00e1t k\u00e9pviselve a k\u00fcl\u00f6nb\u00f6z\u0151 rendezv\u00e9nyeken.<\/p>\n<p>A v\u00edrushelyzetre val\u00f3 tekintettel a tan\u00e9vi programok elmaradtak az el\u0151z\u0151 tan\u00e9vben. Jelenleg &#8211; forr\u00e1s hi\u00e1ny\u00e1ban &#8211; a programok \u00fajrastruktur\u00e1l\u00e1sa zajlik.<\/p>\n<p>\u00a0<\/p>\n<p>Vir\u00e1gh Krisztina<\/p>\n<p>int\u00e9zm\u00e9nyvezet\u0151<\/p>\n\n\n<p><\/p>\n\n\n\n<p><\/p>\n","protected":false},"excerpt":{"rendered":"<p>A sportprogram sorozat a 2012-2013-as tan\u00e9vt\u0151l k\u00edn\u00e1l kiv\u00e1l\u00f3 lehet\u0151s\u00e9get arra, hogy a budapesti koll\u00e9gist\u00e1k hasznosan, egym\u00e1ssal versenyezve, eg\u00e9szs\u00e9gtudatosan t\u00f6lts\u00e9k a szabadidej\u00fcket. A programot Budapest F\u0151v\u00e1ros Polg\u00e1rmesteri Hivatala finansz\u00edrozza az &#8220;Iskolakapun&#8230; <a href=\"https:\/\/bekk.edu.hu\/new\/index.php\/mozgasban-a-kollegium\/\">Read more &raquo;<\/a><\/p>\n","protected":false},"author":1,"featured_media":0,"parent":0,"menu_order":0,"comment_status":"closed","ping_status":"closed","template":"","meta":[],"_links":{"self":[{"href":"https:\/\/bekk.edu.hu\/new\/index.php\/wp-json\/wp\/v2\/pages\/32"}],"collection":[{"href":"https:\/\/bekk.edu.hu\/new\/index.php\/wp-json\/wp\/v2\/pages"}],"about":[{"href":"https:\/\/bekk.edu.hu\/new\/index.php\/wp-json\/wp\/v2\/types\/page"}],"author":[{"embeddable":true,"href":"https:\/\/bekk.edu.hu\/new\/index.php\/wp-json\/wp\/v2\/users\/1"}],"replies":[{"embeddable":true,"href":"https:\/\/bekk.edu.hu\/new\/index.php\/wp-json\/wp\/v2\/comments?post=32"}],"version-history":[{"count":7,"href":"https:\/\/bekk.edu.hu\/new\/index.php\/wp-json\/wp\/v2\/pages\/32\/revisions"}],"predecessor-version":[{"id":374,"href":"https:\/\/bekk.edu.hu\/new\/index.php\/wp-json\/wp\/v2\/pages\/32\/revisions\/374"}],"wp:attachment":[{"href":"https:\/\/bekk.edu.hu\/new\/index.php\/wp-json\/wp\/v2\/media?parent=32"}],"curies":[{"name":"wp","href":"https:\/\/api.w.org\/{rel}","templated":true}]}}