{"id":26,"date":"2016-03-24T11:12:22","date_gmt":"2016-03-24T11:12:22","guid":{"rendered":"http:\/\/wp.local\/?page_id=26"},"modified":"2025-07-23T17:22:33","modified_gmt":"2025-07-23T17:22:33","slug":"tanaraink","status":"publish","type":"page","link":"https:\/\/bekk.edu.hu\/new\/index.php\/tanaraink\/","title":{"rendered":"Nevel\u0151test\u00fclet\u00fcnk"},"content":{"rendered":"\n<p><\/p>\n\n\n\n<figure class=\"wp-block-table is-style-stripes\"><table><tbody><tr><td><strong><em>&nbsp;<\/em><\/strong><\/td><td>Nevel\u0151tan\u00e1raink<\/td><td>&nbsp;<\/td><td>&nbsp;<\/td><td>&nbsp;<\/td><td>&nbsp;<\/td><td>&nbsp;<\/td><\/tr><tr><td><em>Ssz.<\/em><\/td><td><em>Neve<\/em><\/td><td><em>&nbsp;&nbsp;Iskolai<\/em><\/td><td><em>v\u00e9gzetts\u00e9g<\/em><\/td><td><em>&nbsp;<\/em><\/td><\/tr><tr><td><em>&nbsp;<\/em><\/td><td><em>&nbsp;<\/em><\/td><td><em>foka<\/em><\/td><td><em>megnevez\u00e9se<\/em><\/td><td><em>szakk\u00e9pzetts\u00e9g<\/em><\/td><\/tr><tr><td><em>1<\/em><\/td><td><em>Balogh Anna<\/em><\/td><td><em>fels\u0151fok\u00fa<\/em><\/td><td><em>egyetem<\/em><\/td><td><em>magyar nyelv \u00e9s irodalom szakos tan\u00e1r, szakvizsg\u00e1zott pedag\u00f3gus, k\u00f6zoktat\u00e1si vezet\u0151<\/em><\/td><\/tr><tr><td><em>2<\/em><\/td><td><em>Dr. Cseh\u00f3n\u00e9 Just M\u00e1ria R\u00e9ka<\/em><\/td><td><em>fels\u0151fok\u00fa<\/em><\/td><td><em>egyetem<\/em><\/td><td><em>matematika-fizika szakos tan\u00e1r<\/em><\/td><\/tr><tr><td><em>3<\/em><\/td><td><em>Dr. Pozsgain\u00e9 Csenteri M\u00e1rta<\/em><\/td><td><em>fels\u0151fok\u00fa<\/em><\/td><td><em>egyetem<\/em><\/td><td><em>filoz\u00f3fia \u2013 magyar szakos tan\u00e1r<\/em><\/td><\/tr><tr><td><em>4<\/em><\/td><td><em>Fogarasi Erzs\u00e9bet<\/em><\/td><td><em>fels\u0151fok\u00fa<\/em><\/td><td><em>egyetem<\/em><\/td><td><em>pedag\u00f3gia szakos b\u00f6lcs\u00e9sz \u00e9s tan\u00e1r, szoci\u00e1lpedag\u00f3gus<\/em><\/td><\/tr><tr><td><em>5<\/em><\/td><td><em>Garajszki Gy\u00f6rgy<\/em><\/td><td><em>fels\u0151fok\u00fa<\/em><\/td><td><em>egyetem<\/em><\/td><td><em>pedag\u00f3gia szakos nevel\u0151, okleveles koll\u00e9giumi nevel\u0151tan\u00e1r; szakvizsg\u00e1zott pedag\u00f3gus, mentor<\/em><\/td><\/tr><tr><td><em>6<\/em><\/td><td><em>Guessoum Krisztina<\/em><\/td><td><em>fels\u0151fok\u00fa<\/em><\/td><td><em>egyetem<\/em><\/td><td><em>tanul\u00e1sban akad\u00e1lyozottak \u00e9s hall\u00e1ss\u00e9r\u00fcltek pedag\u00f3gi\u00e1ja szakos gy\u00f3gypedag\u00f3gus, angol szakos tan\u00e1r<\/em><\/td><\/tr><tr><td><em>7<\/em><\/td><td><em>Hajd\u00fa Bernadett<\/em><\/td><td><em>k\u00f6z\u00e9pfok<\/em><\/td><td><em>&nbsp;<\/em><\/td><td><em>pedag\u00f3giai asszisztens<\/em><\/td><\/tr><tr><td><em>8<\/em><\/td><td><em>Izs\u00e1k Rita<\/em><\/td><td><em>k\u00f6z\u00e9pfok<\/em><\/td><td><em>&nbsp;<\/em><\/td><td><em>pedag\u00f3giai asszisztens<\/em><\/td><\/tr><tr><td><em>9<\/em><\/td><td><em>Kis Kriszti\u00e1n<\/em><\/td><td><em>fels\u0151fok\u00fa<\/em><\/td><td><em>egyetem<\/em><\/td><td><em>pedag\u00f3gia szakos nevel\u0151tan\u00e1r<\/em><\/td><\/tr><tr><td><em>10<\/em><\/td><td><em>Liska Julianna<\/em><\/td><td><em>fels\u0151fok\u00fa<\/em><\/td><td><em>egyetem<\/em><\/td><td><em>matematika szakos tan\u00e1r<\/em><\/td><\/tr><tr><td><em>11<\/em><\/td><td><em>L\u0151rincz Norbert<\/em><\/td><td><em>fels\u0151fok\u00fa<\/em><\/td><td><em>f\u0151iskola<\/em><\/td><td><em>szoci\u00e1lpedag\u00f3gus, Tanul\u00e1sban akad\u00e1lyozottak pedag\u00f3gi\u00e1ja szakos Gy\u00f3gypedag\u00f3gus<\/em><\/td><\/tr><tr><td><em>12<\/em><\/td><td><em>Lud\u00e1nyi Tibor<\/em><\/td><td><em>fels\u0151fok\u00fa<\/em><\/td><td><em>egyetem<\/em><\/td><td><em>t\u00f6rt\u00e9nelem szakos b\u00f6lcs\u00e9sz \u00e9s tan\u00e1r,; f\u00f6ldrajz szakos tan\u00e1r; okleveles t\u00f6rt\u00e9nelem szakos b\u00f6lcs\u00e9sz \u00e9s tan\u00e1r; szakvizsg\u00e1zott pedag\u00f3gus-mentorpedag\u00f3gus<\/em><\/td><\/tr><tr><td><em>13<\/em><\/td><td><em>Mack S\u00e1ndorn\u00e9<\/em><\/td><td><em>fels\u0151fok\u00fa<\/em><\/td><td><em>egyetem<\/em><\/td><td><em>pszichol\u00f3gus, szociol\u00f3gus, f\u00f6ldrajz szakos tan\u00e1r (f\u0151iskola), nevel\u0151tan\u00e1r; szakvizsg\u00e1zott pedag\u00f3gus- min\u0151s\u00e9gbiztos\u00edt\u00e1si szakter\u00fcleten<\/em><\/td><\/tr><tr><td><em>14<\/em><\/td><td><em>Tak\u00e1csn\u00e9 Pinke Andrea igazgat\u00f3-helyettes<\/em><\/td><td><em>fels\u0151fok\u00fa<\/em><\/td><td><em>egyetem<\/em><\/td><td><em>biol\u00f3gia szakos tan\u00e1r, szakvizsg\u00e1zott pedag\u00f3gus, k\u00f6zoktat\u00e1si vezet\u0151<\/em><\/td><\/tr><tr><td><em>15<\/em><\/td><td><em>Riczk\u00f3 \u00c1gnes<\/em><\/td><td><em>fels\u0151fok\u00fa<\/em><\/td><td><em>egyetem<\/em><\/td><td><em>t\u00f6rt\u00e9nelem szakos b\u00f6lcs\u00e9sz \u00e9s tan\u00e1r;fejleszt\u0151 pedag\u00f3gus;gy\u00f3gypedag\u00f3gus-tanul\u00e1sban akad\u00e1lyozottak pedag\u00f3gi\u00e1ja<\/em><\/td><\/tr><tr><td><em>16<\/em><\/td><td><em>Schein \u00c1kos<\/em><\/td><td><em>fels\u0151fok\u00fa<\/em><\/td><td><em>egyetem<\/em><\/td><td><em>t\u00f6rt\u00e9nelem \u00e9s n\u00e9met szakos k\u00f6z\u00e9piskolai tan\u00e1r<\/em><\/td><\/tr><tr><td><em>17<\/em><\/td><td><em>Sz\u00e1sz- Balogi Edit<\/em><\/td><td><em>fels\u0151fok\u00fa<\/em><\/td><td><em>f\u0151iskola<\/em><\/td><td><em>tan\u00edt\u00f3, okleveles koll\u00e9giumi nevel\u0151tan\u00e1r<\/em><\/td><\/tr><tr><td><em>18<\/em><\/td><td><em>Szeles Ildik\u00f3<\/em><\/td><td><em>fels\u0151fok\u00fa<\/em><\/td><td><em>f\u0151iskola<\/em><\/td><td><em>&nbsp;gy\u00f3gypedag\u00f3gus, pszichopedag\u00f3gia<\/em><\/td><\/tr><tr><td><em>19<\/em><\/td><td><em>Tokaji \u00c1gnes<\/em><\/td><td><em>fels\u0151fok\u00fa<\/em><\/td><td><em>egyetem<\/em><\/td><td><em>\u00e1ltal\u00e1nos iskolai tan\u00edt\u00f3; szakvizsg\u00e1zott pedag\u00f3gus, k\u00f6zoktat\u00e1si vezet\u0151; magyar nyelv \u00e9s irodalom szakos tan\u00e1r; pszichol\u00f3gus tan\u00e1r<\/em><\/td><\/tr><tr><td><em>20<\/em><\/td><td><em>Hajd\u00fa Bernadett<\/em><\/td><td><em>k\u00f6z\u00e9pfok\u00fa<\/em><\/td><td><em>&nbsp;<\/em><\/td><td><em>\u00e9retts\u00e9gi; munkak\u00f6re: pedag\u00f3giai asszisztens<\/em><\/td><\/tr><tr><td><em>21<\/em><\/td><td><em>Vir\u00e1gh Krisztina igazgat\u00f3<\/em><\/td><td><em>fels\u0151fok\u00fa<\/em><\/td><td><em>egyetem<\/em><\/td><td><em>szakvizsg\u00e1zott pedag\u00f3gus \u2013 k\u00f6zoktat\u00e1si vezet\u0151, n\u00e9met nyelv \u00e9s irodalom szakos b\u00f6lcs\u00e9sz \u00e9s tan\u00e1r, k\u00f6znevel\u00e9si mestervezet\u0151<\/em><\/td><\/tr><tr><td><em>22<\/em><\/td><td><em>V\u00f6r\u00f6s Katinka<\/em><\/td><td><em>fels\u0151fok\u00fa<\/em><\/td><td><em>egyetem<\/em><\/td><td><em>k\u00f6nyvt\u00e1ros<\/em><\/td><\/tr><tr><td><em>23<\/em><\/td><td><em>Zaj\u00e1czn\u00e9 Berkes \u00c9va<\/em><\/td><td><em>fels\u0151fok\u00fa<\/em><\/td><td><em>egyetem<\/em><\/td><td><em>magyar nyelv \u00e9s irodalom szakos tan\u00e1r, okleveles filoz\u00f3fia szakos k\u00f6z\u00e9piskolai tan\u00e1r<\/em><\/td><\/tr><tr><td><em>24<\/em><\/td><td><em>&nbsp;Zaj\u00e1cz Zolt\u00e1n<\/em><\/td><td><em>&nbsp;fels\u0151fok\u00fa<\/em><\/td><td><em>egyetem<\/em><\/td><td><em>koll\u00e9giumi nevel\u0151<\/em><\/td><\/tr><tr><td><em>&nbsp;<\/em><\/td><td><em>&nbsp;<\/em><\/td><td><em>&nbsp;<\/em><\/td><td><em>&nbsp;<\/em><\/td><td><em>&nbsp;<\/em><\/td><td><em>&nbsp;<\/em><\/td><\/tr><tr><td><em>&nbsp;<\/em><\/td><td><em>Titk\u00e1raink<\/em><\/td><td><em>&nbsp;<\/em><\/td><td><em>&nbsp;<\/em><\/td><\/tr><tr><td><em>1<\/em><\/td><td><em>Kov\u00e1cs Krisztina<\/em><\/td><td><em>fels\u0151fok\u00fa<\/em><\/td><td><em>&nbsp;<\/em><\/td><td><em>&nbsp;<\/em><\/td><\/tr><tr><td><em>2<\/em><\/td><td><em>Velkein\u00e9 T\u00f3th M\u00e1rta<\/em><\/td><td><em>k\u00f6z\u00e9pfok\u00fa<\/em><\/td><td><em>&nbsp;<\/em><\/td><td><em>&nbsp;<\/em><\/td><\/tr><tr><td>&nbsp;<\/td><td><em>&nbsp;<\/em><\/td><td><em>&nbsp;<\/em><\/td><td><em>&nbsp;<\/em><\/td><td><em>&nbsp;<\/em><\/td><\/tr><tr><td><em>&nbsp;<\/em><\/td><td><em>Rendszergazd\u00e1ink<\/em><\/td><td><em>&nbsp;<\/em><\/td><td><em>&nbsp;<\/em><\/td><td><em>&nbsp;<\/em><\/td><\/tr><tr><td><em>1<\/em><\/td><td><em>&nbsp;<\/em><\/td><td><em>&nbsp;<\/em><\/td><td><em>&nbsp;<\/em><\/td><td><em>&nbsp;<\/em><\/td><\/tr><tr><td><em>&nbsp;<\/em><\/td><td><em>&nbsp;<\/em><\/td><td><em>&nbsp;<\/em><\/td><td><em>&nbsp;<\/em><\/td><td><em>&nbsp;<\/em><\/td><\/tr><tr><td><em>&nbsp;<\/em><\/td><td><em>\u00c1pol\u00f3nk<\/em><\/td><td><em>&nbsp;<\/em><\/td><td><em>&nbsp;<\/em><\/td><td><em>&nbsp;<\/em><\/td><\/tr><tr><td><em>1<\/em><\/td><td><em>&nbsp;<\/em><\/td><td><em>&nbsp;<\/em><\/td><td><em>&nbsp;<\/em><\/td><td><em>&nbsp;<\/em><\/td><\/tr><\/tbody><\/table><\/figure>\n","protected":false},"excerpt":{"rendered":"<p>&nbsp; Nevel\u0151tan\u00e1raink &nbsp; &nbsp; &nbsp; &nbsp; &nbsp; Ssz. Neve &nbsp;&nbsp;Iskolai v\u00e9gzetts\u00e9g &nbsp; &nbsp; &nbsp; foka megnevez\u00e9se szakk\u00e9pzetts\u00e9g 1 Balogh Anna fels\u0151fok\u00fa egyetem magyar nyelv \u00e9s irodalom szakos tan\u00e1r, szakvizsg\u00e1zott pedag\u00f3gus,&#8230; <a href=\"https:\/\/bekk.edu.hu\/new\/index.php\/tanaraink\/\">Read more &raquo;<\/a><\/p>\n","protected":false},"author":1,"featured_media":0,"parent":0,"menu_order":0,"comment_status":"closed","ping_status":"closed","template":"","meta":[],"_links":{"self":[{"href":"https:\/\/bekk.edu.hu\/new\/index.php\/wp-json\/wp\/v2\/pages\/26"}],"collection":[{"href":"https:\/\/bekk.edu.hu\/new\/index.php\/wp-json\/wp\/v2\/pages"}],"about":[{"href":"https:\/\/bekk.edu.hu\/new\/index.php\/wp-json\/wp\/v2\/types\/page"}],"author":[{"embeddable":true,"href":"https:\/\/bekk.edu.hu\/new\/index.php\/wp-json\/wp\/v2\/users\/1"}],"replies":[{"embeddable":true,"href":"https:\/\/bekk.edu.hu\/new\/index.php\/wp-json\/wp\/v2\/comments?post=26"}],"version-history":[{"count":29,"href":"https:\/\/bekk.edu.hu\/new\/index.php\/wp-json\/wp\/v2\/pages\/26\/revisions"}],"predecessor-version":[{"id":677,"href":"https:\/\/bekk.edu.hu\/new\/index.php\/wp-json\/wp\/v2\/pages\/26\/revisions\/677"}],"wp:attachment":[{"href":"https:\/\/bekk.edu.hu\/new\/index.php\/wp-json\/wp\/v2\/media?parent=26"}],"curies":[{"name":"wp","href":"https:\/\/api.w.org\/{rel}","templated":true}]}}