{"id":24,"date":"2016-03-24T11:12:10","date_gmt":"2016-03-24T11:12:10","guid":{"rendered":"http:\/\/wp.local\/?page_id=24"},"modified":"2024-06-25T09:49:07","modified_gmt":"2024-06-25T09:49:07","slug":"dokumentumok","status":"publish","type":"page","link":"https:\/\/bekk.edu.hu\/new\/index.php\/dokumentumok\/","title":{"rendered":"Dokumentumok"},"content":{"rendered":"\n<p><strong><a href=\"https:\/\/bekk.edu.hu\/new\/index.php\/intezmenyi-dokumentumok\/\">Int\u00e9zm\u00e9nyi dokumentumok<\/a><\/strong><\/p>\n\n\n\n<p><strong><a href=\"https:\/\/bekk.edu.hu\/new\/index.php\/etkezesi-dokumentumok\/\" data-type=\"page\" data-id=\"511\">\u00c9tkez\u00e9si dokumentumok<\/a><\/strong><\/p>\n","protected":false},"excerpt":{"rendered":"<p>Int\u00e9zm\u00e9nyi dokumentumok \u00c9tkez\u00e9si dokumentumok<\/p>\n","protected":false},"author":1,"featured_media":0,"parent":0,"menu_order":0,"comment_status":"closed","ping_status":"closed","template":"","meta":[],"_links":{"self":[{"href":"https:\/\/bekk.edu.hu\/new\/index.php\/wp-json\/wp\/v2\/pages\/24"}],"collection":[{"href":"https:\/\/bekk.edu.hu\/new\/index.php\/wp-json\/wp\/v2\/pages"}],"about":[{"href":"https:\/\/bekk.edu.hu\/new\/index.php\/wp-json\/wp\/v2\/types\/page"}],"author":[{"embeddable":true,"href":"https:\/\/bekk.edu.hu\/new\/index.php\/wp-json\/wp\/v2\/users\/1"}],"replies":[{"embeddable":true,"href":"https:\/\/bekk.edu.hu\/new\/index.php\/wp-json\/wp\/v2\/comments?post=24"}],"version-history":[{"count":34,"href":"https:\/\/bekk.edu.hu\/new\/index.php\/wp-json\/wp\/v2\/pages\/24\/revisions"}],"predecessor-version":[{"id":522,"href":"https:\/\/bekk.edu.hu\/new\/index.php\/wp-json\/wp\/v2\/pages\/24\/revisions\/522"}],"wp:attachment":[{"href":"https:\/\/bekk.edu.hu\/new\/index.php\/wp-json\/wp\/v2\/media?parent=24"}],"curies":[{"name":"wp","href":"https:\/\/api.w.org\/{rel}","templated":true}]}}